{"id":17,"date":"2023-03-24T20:02:57","date_gmt":"2023-03-24T20:02:57","guid":{"rendered":"https:\/\/www.firstimageusa.com\/demos\/2023\/enterate-seguros\/?page_id=17"},"modified":"2023-03-25T02:23:02","modified_gmt":"2023-03-25T02:23:02","slug":"seguro-contra-inundaciones","status":"publish","type":"page","link":"https:\/\/www.firstimageusa.com\/demos\/2023\/enterate-seguros\/seguro-contra-inundaciones\/","title":{"rendered":"\u00a0Seguro Contra Inundaciones"},"content":{"rendered":"\n<p>Es una modalidad de seguro que suele ir de forma complementaria a alg\u00fan otro tipo de plan. Con \u00e9l usted puede asegurar sus pertenencias, como el lugar donde vive, su autom\u00f3vil y sus art\u00edculos personales, de los da\u00f1os causados por las inundaciones.<br><br>Este seguro nace de la necesidad de muchos usuarios, ya que las inundaciones son el desastre natural m\u00e1s com\u00fan en todos los Estados Unidos, y porque la mayor\u00eda de los acuerdos residenciales no cubren este tipo de da\u00f1os. Actualmente la mayor\u00eda de las p\u00f3lizas de seguro contra inundaciones se obtienen del Programa Nacional de Seguro contra Inundaciones (NFIP) de la Agencia Federal para el Manejo de Emergencias (FEMA).<\/p>\n\n\n\n<p>Cont\u00e1ctenos para obtener m\u00e1s informaci\u00f3n.<\/p>\n","protected":false},"excerpt":{"rendered":"<p>Es una modalidad de seguro que suele ir de forma complementaria a alg\u00fan otro tipo de plan. Con \u00e9l usted puede asegurar sus pertenencias, como el lugar donde vive, su autom\u00f3vil y sus art\u00edculos personales, de los da\u00f1os causados por las inundaciones. Este seguro nace de la necesidad de muchos usuarios, ya que las inundaciones &hellip; <a href=\"https:\/\/www.firstimageusa.com\/demos\/2023\/enterate-seguros\/seguro-contra-inundaciones\/\" class=\"more-link\">Seguir leyendo <span class=\"screen-reader-text\">\u00a0Seguro Contra Inundaciones<\/span> <span class=\"meta-nav\">&rarr;<\/span><\/a><\/p>\n","protected":false},"author":1,"featured_media":24,"parent":0,"menu_order":0,"comment_status":"closed","ping_status":"closed","template":"page-templates\/product.php","meta":{"footnotes":""},"class_list":["post-17","page","type-page","status-publish","has-post-thumbnail","hentry"],"aioseo_notices":[],"_links":{"self":[{"href":"https:\/\/www.firstimageusa.com\/demos\/2023\/enterate-seguros\/wp-json\/wp\/v2\/pages\/17","targetHints":{"allow":["GET"]}}],"collection":[{"href":"https:\/\/www.firstimageusa.com\/demos\/2023\/enterate-seguros\/wp-json\/wp\/v2\/pages"}],"about":[{"href":"https:\/\/www.firstimageusa.com\/demos\/2023\/enterate-seguros\/wp-json\/wp\/v2\/types\/page"}],"author":[{"embeddable":true,"href":"https:\/\/www.firstimageusa.com\/demos\/2023\/enterate-seguros\/wp-json\/wp\/v2\/users\/1"}],"replies":[{"embeddable":true,"href":"https:\/\/www.firstimageusa.com\/demos\/2023\/enterate-seguros\/wp-json\/wp\/v2\/comments?post=17"}],"version-history":[{"count":20,"href":"https:\/\/www.firstimageusa.com\/demos\/2023\/enterate-seguros\/wp-json\/wp\/v2\/pages\/17\/revisions"}],"predecessor-version":[{"id":46,"href":"https:\/\/www.firstimageusa.com\/demos\/2023\/enterate-seguros\/wp-json\/wp\/v2\/pages\/17\/revisions\/46"}],"wp:featuredmedia":[{"embeddable":true,"href":"https:\/\/www.firstimageusa.com\/demos\/2023\/enterate-seguros\/wp-json\/wp\/v2\/media\/24"}],"wp:attachment":[{"href":"https:\/\/www.firstimageusa.com\/demos\/2023\/enterate-seguros\/wp-json\/wp\/v2\/media?parent=17"}],"curies":[{"name":"wp","href":"https:\/\/api.w.org\/{rel}","templated":true}]}}