{"id":47,"date":"2023-03-25T00:03:42","date_gmt":"2023-03-25T00:03:42","guid":{"rendered":"https:\/\/www.firstimageusa.com\/demos\/2023\/enterate-seguros\/?page_id=47"},"modified":"2023-04-21T21:42:38","modified_gmt":"2023-04-21T21:42:38","slug":"seguro-para-propietarios","status":"publish","type":"page","link":"https:\/\/www.firstimageusa.com\/demos\/2023\/enterate-seguros\/seguro-para-propietarios\/","title":{"rendered":"\u00a0Seguro Para Propietarios"},"content":{"rendered":"\n<p>\u00bfBusca cobertura para casas? Le ofrecemos presupuestos con tarifas r\u00e1pidas, precisas y asequibles.<\/p>\n\n\n\n<p>Es posible que le conozca tambi\u00e9n como seguro de vivienda. Este tipo de seguro representa una de las coberturas m\u00e1s completas del mercado asegurador, ya que en t\u00e9rminos generales asegura protecci\u00f3n financiera para usted y para su familia en caso de un desastre que est\u00e9 relacionado al hogar.<br><br>Si va a pedir una hipoteca, lo com\u00fan es que se le exigir\u00e1 que tenga al menos alg\u00fan tipo de cobertura para propietarios. Este requisito tiene sentido si se piensa, porque el seguro de hogar protege tanto su gran inversi\u00f3n como la del prestamista hipotecario.<br><br>Debido a que las necesidades de todos no son las mismas, es mejor consultar a su agente para que lo ayude a evaluar sus necesidades y encontrar la p\u00f3liza de seguro adecuada para usted.<br><br><strong>\u00bfQu\u00e9 es el Seguro para Propietarios?<\/strong><br>El seguro para propietarios ofrece protecci\u00f3n financiera contra desastres. Una p\u00f3liza est\u00e1ndar que asegura la casa en s\u00ed y las cosas que guarda en ella.<br><br>El seguro para propietarios es una p\u00f3liza de paquete. Esto significa que cubre tanto los da\u00f1os a su propiedad como su obligaci\u00f3n o responsabilidad legal por cualquier lesi\u00f3n y da\u00f1o a la propiedad que usted o los miembros de su familia causen a otras personas. Esto incluye los da\u00f1os causados por los animales dom\u00e9sticos.<br><br>Los da\u00f1os causados por la mayor\u00eda de los desastres est\u00e1n cubiertos, pero hay excepciones. Los m\u00e1s significativos son los da\u00f1os causados por inundaciones, terremotos y un mantenimiento deficiente. Debe comprar dos p\u00f3lizas separadas para la cobertura contra inundaciones y terremotos. Los problemas relacionados con el mantenimiento son responsabilidad de los propietarios.<br><br><strong>\u00bfPor qu\u00e9 Necesita un Seguro para Propietarios?<\/strong><br>Realmente se trata de protegerse financieramente si algo inesperado le sucede a su hogar o posesiones. Eso es importante porque es probable que su casa sea una de sus mayores inversiones.<\/p>\n\n\n\n<ul class=\"content-list wp-block-list\">\n<li>Si su hogar fue destruido por un incendio o da\u00f1ado por un desastre natural, necesitar\u00e1 dinero para repararlo o reemplazarlo.<\/li>\n\n\n\n<li>Si un invitado en su hogar se lesiona, la protecci\u00f3n de responsabilidad civil y la cobertura m\u00e9dica ayudan a pagar los gastos.<\/li>\n\n\n\n<li>Si es v\u00edctima de robo y vandalismo, puede reembolsarle su p\u00e9rdida o pagar las reparaciones.<\/li>\n\n\n\n<li>Si todav\u00eda est\u00e1 pagando por su casa, su prestamista requerir\u00e1 un seguro.\n<ul class=\"wp-block-list\">\n<li><\/li>\n<\/ul>\n<\/li>\n<\/ul>\n\n\n\n<p><br>Es importante saber que el seguro para propietarios est\u00e1 destinado a cubrir da\u00f1os inesperados, no el mantenimiento de rutina. P\u00eddale a su agente que hable sobre lo que est\u00e1 cubierto y aseg\u00farese de leer su p\u00f3liza para saber exactamente qu\u00e9 est\u00e1 incluido y qu\u00e9 no.<br><br><strong>Cosas a considerar y preguntas para hacerle a su agente:<\/strong><\/p>\n\n\n\n<ul class=\"content-list wp-block-list\">\n<li>\u00bfCu\u00e1nto costar\u00e1 reconstruir mi casa y reemplazar mis pertenencias si est\u00e1n da\u00f1adas o destruidas? (P\u00eddale a su agente que le hable sobre las caracter\u00edsticas de su hogar y las cosas que posee para que pueda tomar una decisi\u00f3n informada sobre la cobertura).<\/li>\n\n\n\n<li>\u00bfLa compa\u00f1\u00eda de seguros tiene una buena reputaci\u00f3n de servicio al cliente? \u00bfEs conocido por pagar las reclamaciones de manera justa y oportuna?<\/li>\n\n\n\n<li>\u00bfQu\u00e9 descuentos hay disponibles? (Pregunte por m\u00faltiples descuentos en p\u00f3lizas, sistema de seguridad y resistencia al fuego).<\/li>\n\n\n\n<li>\u00bfCu\u00e1l es el proceso para presentar y resolver un reclamo? (Pregunte a qui\u00e9n llamar y qu\u00e9 sucede despu\u00e9s de presentar un reclamo).<\/li>\n<\/ul>\n\n\n\n<p><br>Cont\u00e1ctenos para obtener m\u00e1s informaci\u00f3n.<\/p>\n","protected":false},"excerpt":{"rendered":"<p>\u00bfBusca cobertura para casas? Le ofrecemos presupuestos con tarifas r\u00e1pidas, precisas y asequibles. Es posible que le conozca tambi\u00e9n como seguro de vivienda. Este tipo de seguro representa una de las coberturas m\u00e1s completas del mercado asegurador, ya que en t\u00e9rminos generales asegura protecci\u00f3n financiera para usted y para su familia en caso de un &hellip; <a href=\"https:\/\/www.firstimageusa.com\/demos\/2023\/enterate-seguros\/seguro-para-propietarios\/\" class=\"more-link\">Seguir leyendo <span class=\"screen-reader-text\">\u00a0Seguro Para Propietarios<\/span> <span class=\"meta-nav\">&rarr;<\/span><\/a><\/p>\n","protected":false},"author":1,"featured_media":24,"parent":0,"menu_order":0,"comment_status":"closed","ping_status":"closed","template":"page-templates\/product.php","meta":{"footnotes":""},"class_list":["post-47","page","type-page","status-publish","has-post-thumbnail","hentry"],"aioseo_notices":[],"_links":{"self":[{"href":"https:\/\/www.firstimageusa.com\/demos\/2023\/enterate-seguros\/wp-json\/wp\/v2\/pages\/47","targetHints":{"allow":["GET"]}}],"collection":[{"href":"https:\/\/www.firstimageusa.com\/demos\/2023\/enterate-seguros\/wp-json\/wp\/v2\/pages"}],"about":[{"href":"https:\/\/www.firstimageusa.com\/demos\/2023\/enterate-seguros\/wp-json\/wp\/v2\/types\/page"}],"author":[{"embeddable":true,"href":"https:\/\/www.firstimageusa.com\/demos\/2023\/enterate-seguros\/wp-json\/wp\/v2\/users\/1"}],"replies":[{"embeddable":true,"href":"https:\/\/www.firstimageusa.com\/demos\/2023\/enterate-seguros\/wp-json\/wp\/v2\/comments?post=47"}],"version-history":[{"count":17,"href":"https:\/\/www.firstimageusa.com\/demos\/2023\/enterate-seguros\/wp-json\/wp\/v2\/pages\/47\/revisions"}],"predecessor-version":[{"id":111,"href":"https:\/\/www.firstimageusa.com\/demos\/2023\/enterate-seguros\/wp-json\/wp\/v2\/pages\/47\/revisions\/111"}],"wp:featuredmedia":[{"embeddable":true,"href":"https:\/\/www.firstimageusa.com\/demos\/2023\/enterate-seguros\/wp-json\/wp\/v2\/media\/24"}],"wp:attachment":[{"href":"https:\/\/www.firstimageusa.com\/demos\/2023\/enterate-seguros\/wp-json\/wp\/v2\/media?parent=47"}],"curies":[{"name":"wp","href":"https:\/\/api.w.org\/{rel}","templated":true}]}}