{"id":57,"date":"2023-03-25T00:14:12","date_gmt":"2023-03-25T00:14:12","guid":{"rendered":"https:\/\/www.firstimageusa.com\/demos\/2023\/enterate-seguros\/?page_id=57"},"modified":"2023-04-21T22:37:15","modified_gmt":"2023-04-21T22:37:15","slug":"seguro-para-negocios","status":"publish","type":"page","link":"https:\/\/www.firstimageusa.com\/demos\/2023\/enterate-seguros\/seguro-para-negocios\/","title":{"rendered":"\u00a0Seguro Para Negocios"},"content":{"rendered":"\n<p>Una p\u00f3liza de seguro para negocios y comerciales (tambi\u00e9n se\u00f1alada como comercios) es capaz de amparar su negocio si este se ve afectado por robo, asalto, atraco, incendio, terremotos y dem\u00e1s factores, tanto internos y accidentales, como externos. Este tipo de p\u00f3liza, por lo general, tambi\u00e9n est\u00e1 dise\u00f1ada para cubrir las demandas legales que afecten de forma directa y financiera a su negocio.<\/p>\n\n\n\n<p>Dicho en otras palabras, un seguro para negocios y comerciales lo protege de los costos inesperados de manejar una empresa.<br><br><strong>Seguro de Autom\u00f3vil Comercial<\/strong><br>Como propietario de un negocio, necesita los mismos tipos de coberturas de seguro para el autom\u00f3vil que usa en su negocio que para un autom\u00f3vil que se usa para viajes personales: responsabilidad, colisi\u00f3n y pagos m\u00e9dicos completos (conocidos como protecci\u00f3n contra lesiones personales en algunos estados) y cobertura para automovilistas sin seguro. De hecho, muchas personas de negocios usan el mismo veh\u00edculo tanto para negocios como para placer. Si el veh\u00edculo es propiedad de la empresa, aseg\u00farese de que el nombre de la empresa aparezca en la p\u00f3liza como \u00abasegurado principal\u00bb en lugar de su nombre. Esto evitar\u00e1 posibles confusiones en el caso de que necesite presentar un reclamo o se presente un reclamo en su contra.<\/p>\n\n\n\n<p>Si necesita comprar una p\u00f3liza de seguro de autom\u00f3vil comercial depender\u00e1 del tipo de conducci\u00f3n que realice. Un buen agente de seguros le preguntar\u00e1 muchos detalles sobre c\u00f3mo utiliza los veh\u00edculos en su empresa, qui\u00e9n los conducir\u00e1 y si es probable que los empleados, si los tiene, conduzcan sus propios veh\u00edculos para su empresa.<\/p>\n\n\n\n<p>Si bien las principales coberturas son las mismas, una p\u00f3liza de autom\u00f3vil comercial difiere de una p\u00f3liza de autom\u00f3vil personal en muchos aspectos t\u00e9cnicos. P\u00eddele a tu agente de seguros que te explique todas las diferencias y opciones.<br><br><strong>P\u00f3liza de Responsabilidad General<\/strong><br>Si tiene una p\u00f3liza de responsabilidad personal general, generalmente hay una exclusi\u00f3n de responsabilidad relacionada con el negocio. Aseg\u00farese de tener suficiente cobertura de responsabilidad civil para autom\u00f3viles. Desafortunadamente para todos los due\u00f1os de negocios, las posibilidades de ser demandados han aumentado dram\u00e1ticamente en la \u00faltima d\u00e9cada. El seguro de responsabilidad civil general puede evitar que una demanda legal se convierta en un desastre financiero al proporcionar protecci\u00f3n financiera en caso de que su empresa sea demandada o sea legalmente responsable de alguna lesi\u00f3n o da\u00f1o.<\/p>\n\n\n\n<p>Responsabilidad general paga las p\u00e9rdidas que surjan de lesiones corporales reales o supuestas, da\u00f1os a la propiedad o lesiones personales en sus instalaciones comerciales o que surjan de sus operaciones.<\/p>\n\n\n\n<p>Amplia gama de protecci\u00f3n de responsabilidad civil general:<\/p>\n\n\n\n<ul class=\"content-list wp-block-list\">\n<li>Lesiones corporales, incluido el costo de la atenci\u00f3n, la p\u00e9rdida de servicios y la restituci\u00f3n por cualquier muerte que resulte de una lesi\u00f3n.<\/li>\n\n\n\n<li>Cobertura de da\u00f1os a la propiedad por el da\u00f1o f\u00edsico a la propiedad de otros o la p\u00e9rdida del uso de esa propiedad.<\/li>\n\n\n\n<li>Productos-Operaciones completadas brinda protecci\u00f3n de responsabilidad (da\u00f1os y gastos legales hasta el l\u00edmite de su p\u00f3liza) si alguna vez se produjo una lesi\u00f3n por algo que su empresa hizo o por el servicio que su empresa brind\u00f3.<\/li>\n\n\n\n<li>La responsabilidad por productos es un seguro de responsabilidad por productos m\u00e1s especializado que protege a su empresa contra demandas por lesiones o accidentes relacionados con productos.<\/li>\n\n\n\n<li>La responsabilidad contractual se extiende a cualquier responsabilidad que pueda asumir al celebrar una variedad de contratos.<\/li>\n\n\n\n<li>Otra cobertura incluye: Uso razonable de la fuerza; Equipo prestado; responsabilidad de licor; Veh\u00edculos no propios (como aeronaves y embarcaciones); Da\u00f1os por fuego, rayos o explosi\u00f3n; Protecci\u00f3n de responsabilidad civil por da\u00f1os causados por el agua; Costos de Defensa Legal; Pagos M\u00e9dicos; lesiones personales; Da\u00f1o Publicitario; y protecci\u00f3n de responsabilidad especializada para tipos de negocios espec\u00edficos.<\/li>\n<\/ul>\n\n\n\n<p><br><strong>Seguro de Compensaci\u00f3n de Trabajadores<\/strong><br>Las leyes de compensaci\u00f3n para trabajadores se crearon para garantizar que los empleados que se lesionan en el trabajo reciban premios monetarios fijos. Esto elimina la necesidad de litigios y crea un proceso m\u00e1s f\u00e1cil para el empleado.<\/p>\n\n\n\n<p>Tambi\u00e9n ayuda a controlar los riesgos financieros para los empleadores, ya que muchos estados limitan la cantidad que un empleado lesionado puede recuperar de un\u00a0El Seguro de Compensaci\u00f3n para Trabajadores est\u00e1 dise\u00f1ado para ayudar a las empresas a pagar estos beneficios. Como protecci\u00f3n para los empleados, la mayor\u00eda de los estados requieren que los empleadores tengan alg\u00fan tipo de seguro de compensaci\u00f3n para trabajadores. El Seguro de Compensaci\u00f3n para Trabajadores no es un seguro de salud. La compensaci\u00f3n para trabajadores est\u00e1 dise\u00f1ada espec\u00edficamente para lesiones sufridas en el trabajo.<\/p>\n\n\n\n<p>En la mayor\u00eda de los estados, si tiene empleados, debe tener cobertura de compensaci\u00f3n para trabajadores. Incluso en estados no obligatorios, puede ser una muy buena idea, especialmente si tiene muchos empleados o si se dedican a actividades peligrosas.<br><br><strong>\u00bfNecesito un Seguro de Compensaci\u00f3n para Trabajadores?<\/strong><br>Los empleadores tienen la responsabilidad legal ante sus empleados de hacer que el lugar de trabajo sea seguro. Sin embargo, los accidentes ocurren incluso cuando se han tomado todas las medidas de seguridad razonables.<\/p>\n\n\n\n<p>Para proteger a los empleadores de demandas que resulten de accidentes en el lugar de trabajo y para brindar atenci\u00f3n m\u00e9dica y compensaci\u00f3n por la p\u00e9rdida de ingresos a los empleados lesionados en accidentes en el lugar de trabajo, en casi todos los estados, las empresas deben comprar un seguro de compensaci\u00f3n para trabajadores.<br>El seguro de compensaci\u00f3n para trabajadores cubre a los trabajadores lesionados en el trabajo, ya sea que sufran lesiones en las instalaciones del lugar de trabajo o en otro lugar, o en accidentes automovil\u00edsticos durante el trabajo. Tambi\u00e9n cubre las enfermedades relacionadas con el trabajo.<\/p>\n\n\n\n<p>La compensaci\u00f3n para trabajadores proporciona pagos a los trabajadores lesionados, sin importar qui\u00e9n tuvo la culpa del accidente, por el tiempo perdido en el trabajo y por los servicios m\u00e9dicos y de rehabilitaci\u00f3n. Tambi\u00e9n proporciona beneficios por fallecimiento a los c\u00f3nyuges sobrevivientes y dependientes.<\/p>\n\n\n\n<p>Cada estado tiene leyes diferentes que rigen la cantidad y la duraci\u00f3n de los beneficios por p\u00e9rdida de ingresos, la prestaci\u00f3n de servicios m\u00e9dicos y de rehabilitaci\u00f3n y c\u00f3mo se administra el sistema. Por ejemplo, en la mayor\u00eda de los estados existen regulaciones que contemplan si el trabajador o el empleador pueden elegir al m\u00e9dico que trata las lesiones y c\u00f3mo se resuelven las disputas sobre los beneficios.<\/p>\n\n\n\n<p>El seguro de compensaci\u00f3n para trabajadores debe comprarse como una p\u00f3liza separada. Aunque las p\u00f3lizas para propietarios de negocios y negocios en el hogar (BOP) se venden como p\u00f3lizas de paquete, no incluyen cobertura para lesiones de los trabajadores.<\/p>\n\n\n\n<p>Cont\u00e1ctenos para obtener m\u00e1s informaci\u00f3n.<\/p>\n","protected":false},"excerpt":{"rendered":"<p>Una p\u00f3liza de seguro para negocios y comerciales (tambi\u00e9n se\u00f1alada como comercios) es capaz de amparar su negocio si este se ve afectado por robo, asalto, atraco, incendio, terremotos y dem\u00e1s factores, tanto internos y accidentales, como externos. Este tipo de p\u00f3liza, por lo general, tambi\u00e9n est\u00e1 dise\u00f1ada para cubrir las demandas legales que afecten &hellip; <a href=\"https:\/\/www.firstimageusa.com\/demos\/2023\/enterate-seguros\/seguro-para-negocios\/\" class=\"more-link\">Seguir leyendo <span class=\"screen-reader-text\">\u00a0Seguro Para Negocios<\/span> <span class=\"meta-nav\">&rarr;<\/span><\/a><\/p>\n","protected":false},"author":1,"featured_media":0,"parent":0,"menu_order":0,"comment_status":"closed","ping_status":"closed","template":"page-templates\/product.php","meta":{"footnotes":""},"class_list":["post-57","page","type-page","status-publish","hentry"],"aioseo_notices":[],"_links":{"self":[{"href":"https:\/\/www.firstimageusa.com\/demos\/2023\/enterate-seguros\/wp-json\/wp\/v2\/pages\/57","targetHints":{"allow":["GET"]}}],"collection":[{"href":"https:\/\/www.firstimageusa.com\/demos\/2023\/enterate-seguros\/wp-json\/wp\/v2\/pages"}],"about":[{"href":"https:\/\/www.firstimageusa.com\/demos\/2023\/enterate-seguros\/wp-json\/wp\/v2\/types\/page"}],"author":[{"embeddable":true,"href":"https:\/\/www.firstimageusa.com\/demos\/2023\/enterate-seguros\/wp-json\/wp\/v2\/users\/1"}],"replies":[{"embeddable":true,"href":"https:\/\/www.firstimageusa.com\/demos\/2023\/enterate-seguros\/wp-json\/wp\/v2\/comments?post=57"}],"version-history":[{"count":15,"href":"https:\/\/www.firstimageusa.com\/demos\/2023\/enterate-seguros\/wp-json\/wp\/v2\/pages\/57\/revisions"}],"predecessor-version":[{"id":123,"href":"https:\/\/www.firstimageusa.com\/demos\/2023\/enterate-seguros\/wp-json\/wp\/v2\/pages\/57\/revisions\/123"}],"wp:attachment":[{"href":"https:\/\/www.firstimageusa.com\/demos\/2023\/enterate-seguros\/wp-json\/wp\/v2\/media?parent=57"}],"curies":[{"name":"wp","href":"https:\/\/api.w.org\/{rel}","templated":true}]}}