{"id":68,"date":"2023-03-25T01:05:06","date_gmt":"2023-03-25T01:05:06","guid":{"rendered":"https:\/\/www.firstimageusa.com\/demos\/2023\/enterate-seguros\/?page_id=68"},"modified":"2023-04-21T22:39:37","modified_gmt":"2023-04-21T22:39:37","slug":"seguro-de-inquilinos","status":"publish","type":"page","link":"https:\/\/www.firstimageusa.com\/demos\/2023\/enterate-seguros\/seguro-de-inquilinos\/","title":{"rendered":"\u00a0Seguro de Inquilinos"},"content":{"rendered":"\n<p>\u00bfBusca cobertura para inquilinos? El seguro para inquilinos cubre sus posesiones contra p\u00e9rdidas por fuego o humo, rayos, vandalismo, robo, explosi\u00f3n, tormentas de viento y da\u00f1os por agua de plomer\u00eda. Sin embargo, el seguro para inquilinos no cubre inundaciones, terremotos o el uso y desgaste de rutina. Sin embargo, puede comprar p\u00f3lizas separadas para da\u00f1os por inundaciones y terremotos.<\/p>\n\n\n\n<p>Si se ve obligado a abandonar su hogar debido a un desastre, sus gastos de manutenci\u00f3n adicionales estar\u00e1n cubiertos.<\/p>\n\n\n\n<p>El seguro para inquilinos paga los costos adicionales razonables de vivir temporalmente fuera de su hogar si no puede vivir en \u00e9l debido a un incendio, tormenta severa u otro desastre asegurado. Cubre facturas de hotel, alquileres temporales, comidas en restaurantes y otros gastos de vida incurridos mientras se reconstruye su hogar. La cobertura de gastos de manutenci\u00f3n adicionales difiere de una compa\u00f1\u00eda a otra.<\/p>\n\n\n\n<p>El seguro para inquilinos tambi\u00e9n cubre su responsabilidad hacia otras personas lesionadas en su hogar o en otro lugar por usted, un miembro de su familia o su mascota y paga los costos de defensa legal si lo llevan a juicio.<br><br><strong>Decida Cu\u00e1nto Seguro Necesita<\/strong><br>Sume el costo de todo lo que desear\u00eda reemplazar si estuviera da\u00f1ado o fuera robado. Esto tambi\u00e9n podr\u00eda servir como base para un inventario que facilitar\u00e1 la presentaci\u00f3n de un reclamo. Para un inventario, tambi\u00e9n registre n\u00fameros de modelo, fechas y lugares de compra. Tome fotograf\u00edas o haga un video de estos art\u00edculos y coloque una copia del inventario en un lugar seguro lejos de su hogar.<\/p>\n\n\n\n<p>Si alquila un departamento o casa necesitas un seguro para proteger tus pertenencias. Si bien su arrendador puede tener un seguro, solo protege el edificio. Sus pertenencias no est\u00e1n cubiertas por esas p\u00f3lizas.<\/p>\n\n\n\n<p>Nuestro seguro de inquilinos provee de la protecci\u00f3n de responsabilidad civil necesaria para terceros, lo cual incluye a su vez la cobertura contra demandas legales que surjan a partir de da\u00f1os que alguien sufra en su vivienda o que sean da\u00f1ados por personas relacionadas o por su propiedad. Generalmente esta p\u00f3liza tambi\u00e9n incluye los destrozos generados por las mascotas. Con ellas no solo se cubren sus pertenencias, sino que tambi\u00e9n responde a algunos tipos diferentes de coberturas, tales como la ya mencionada cobertura de responsabilidad civil de familia, los gastos diarios adicionales y la protecci\u00f3n m\u00e9dica para invitados.<\/p>\n\n\n\n<p>Cuando compra una p\u00f3liza de seguro para inquilinos el mayor beneficio que tendr\u00e1s es la paz y la tranquilidad al saber que tienes una cobertura de calidad que cubre lo que muchas otras no. La cancelaci\u00f3n de su prima suele ser de forma mensual.<\/p>\n\n\n\n<p>Cont\u00e1ctenos para obtener m\u00e1s informaci\u00f3n.<\/p>\n","protected":false},"excerpt":{"rendered":"<p>\u00bfBusca cobertura para inquilinos? El seguro para inquilinos cubre sus posesiones contra p\u00e9rdidas por fuego o humo, rayos, vandalismo, robo, explosi\u00f3n, tormentas de viento y da\u00f1os por agua de plomer\u00eda. Sin embargo, el seguro para inquilinos no cubre inundaciones, terremotos o el uso y desgaste de rutina. Sin embargo, puede comprar p\u00f3lizas separadas para da\u00f1os &hellip; <a href=\"https:\/\/www.firstimageusa.com\/demos\/2023\/enterate-seguros\/seguro-de-inquilinos\/\" class=\"more-link\">Seguir leyendo <span class=\"screen-reader-text\">\u00a0Seguro de Inquilinos<\/span> <span class=\"meta-nav\">&rarr;<\/span><\/a><\/p>\n","protected":false},"author":1,"featured_media":24,"parent":0,"menu_order":0,"comment_status":"closed","ping_status":"closed","template":"page-templates\/product.php","meta":{"footnotes":""},"class_list":["post-68","page","type-page","status-publish","has-post-thumbnail","hentry"],"aioseo_notices":[],"_links":{"self":[{"href":"https:\/\/www.firstimageusa.com\/demos\/2023\/enterate-seguros\/wp-json\/wp\/v2\/pages\/68","targetHints":{"allow":["GET"]}}],"collection":[{"href":"https:\/\/www.firstimageusa.com\/demos\/2023\/enterate-seguros\/wp-json\/wp\/v2\/pages"}],"about":[{"href":"https:\/\/www.firstimageusa.com\/demos\/2023\/enterate-seguros\/wp-json\/wp\/v2\/types\/page"}],"author":[{"embeddable":true,"href":"https:\/\/www.firstimageusa.com\/demos\/2023\/enterate-seguros\/wp-json\/wp\/v2\/users\/1"}],"replies":[{"embeddable":true,"href":"https:\/\/www.firstimageusa.com\/demos\/2023\/enterate-seguros\/wp-json\/wp\/v2\/comments?post=68"}],"version-history":[{"count":8,"href":"https:\/\/www.firstimageusa.com\/demos\/2023\/enterate-seguros\/wp-json\/wp\/v2\/pages\/68\/revisions"}],"predecessor-version":[{"id":130,"href":"https:\/\/www.firstimageusa.com\/demos\/2023\/enterate-seguros\/wp-json\/wp\/v2\/pages\/68\/revisions\/130"}],"wp:featuredmedia":[{"embeddable":true,"href":"https:\/\/www.firstimageusa.com\/demos\/2023\/enterate-seguros\/wp-json\/wp\/v2\/media\/24"}],"wp:attachment":[{"href":"https:\/\/www.firstimageusa.com\/demos\/2023\/enterate-seguros\/wp-json\/wp\/v2\/media?parent=68"}],"curies":[{"name":"wp","href":"https:\/\/api.w.org\/{rel}","templated":true}]}}