{"id":72,"date":"2023-03-25T01:12:35","date_gmt":"2023-03-25T01:12:35","guid":{"rendered":"https:\/\/www.firstimageusa.com\/demos\/2023\/enterate-seguros\/?page_id=72"},"modified":"2023-04-21T22:38:08","modified_gmt":"2023-04-21T22:38:08","slug":"seguro-de-vehiculos","status":"publish","type":"page","link":"https:\/\/www.firstimageusa.com\/demos\/2023\/enterate-seguros\/seguro-de-vehiculos\/","title":{"rendered":"\u00a0Seguro de Veh\u00edculos"},"content":{"rendered":"\n<p>Disfruta plenamente del paisaje, de una buena m\u00fasica o de la compa\u00f1\u00eda de tus seres queridos con la tranquilidad que te ofrece una p\u00f3liza de seguro de veh\u00edculo.<\/p>\n\n\n\n<p>Protege de forma integral tu auto y sus ocupantes, en caso que se vea afectado por un evento que ocasione p\u00e9rdida parcial o p\u00e9rdida total, frente a terceros o en caso de desastres naturales. Algunos de los beneficios que pueda cubrir un seguro de veh\u00edculo, incluyen: Protecci\u00f3n Contra Da\u00f1os Personales o PIP Con esta cobertura, la compa\u00f1\u00eda de seguros se encargar\u00e1 de los gastos m\u00e9dicos de todas las personas que se encuentren en el veh\u00edculo si llega a ocurrir una colisi\u00f3n. Cabe aclarar que no importa si el afectado tuvo o no la culpa en el accidente.<br><br><strong>Protecci\u00f3n por Colisi\u00f3n<\/strong><br>Protecci\u00f3n ante los gastos de reparaci\u00f3n de su auto en caso de tener un accidente. En algunos casos, tambi\u00e9n contempla la reposici\u00f3n del auto si se llega a declarar en p\u00e9rdida total, pero eso deber\u00e1 verificarlo con su agente de seguros al momento de adquirir la p\u00f3liza.<br><br><strong>Cobertura Contra Conductores sin Seguro<\/strong><br>Este beneficio garantiza el pago de los gastos derivados de un accidente cuando el otro conductor involucrado no cuente con un seguro que lo respalde.<br><br><strong>Cobertura de Responsabilidad Civil<\/strong><br>Se encarga de asumir los gastos del otro conductor si se comprueba que usted es culpable del accidente.<br><br><strong>Cobertura de Da\u00f1os a La Propiedad<\/strong><br>Si por el accidente, tambi\u00e9n choc\u00f3 contra una casa y ocasion\u00f3 afectaciones, la compa\u00f1\u00eda de seguros se encargar\u00e1 de los costos por reparaciones.<br><br><strong>Cobertura Integral<\/strong><br>Esta cobertura lo respalda en situaciones como robo, vandalismo, y da\u00f1os causados por el clima.<\/p>\n\n\n\n<p>Cont\u00e1ctenos para obtener m\u00e1s informaci\u00f3n.<\/p>\n","protected":false},"excerpt":{"rendered":"<p>Disfruta plenamente del paisaje, de una buena m\u00fasica o de la compa\u00f1\u00eda de tus seres queridos con la tranquilidad que te ofrece una p\u00f3liza de seguro de veh\u00edculo. Protege de forma integral tu auto y sus ocupantes, en caso que se vea afectado por un evento que ocasione p\u00e9rdida parcial o p\u00e9rdida total, frente a &hellip; <a href=\"https:\/\/www.firstimageusa.com\/demos\/2023\/enterate-seguros\/seguro-de-vehiculos\/\" class=\"more-link\">Seguir leyendo <span class=\"screen-reader-text\">\u00a0Seguro de Veh\u00edculos<\/span> <span class=\"meta-nav\">&rarr;<\/span><\/a><\/p>\n","protected":false},"author":1,"featured_media":24,"parent":0,"menu_order":0,"comment_status":"closed","ping_status":"closed","template":"page-templates\/product.php","meta":{"footnotes":""},"class_list":["post-72","page","type-page","status-publish","has-post-thumbnail","hentry"],"aioseo_notices":[],"_links":{"self":[{"href":"https:\/\/www.firstimageusa.com\/demos\/2023\/enterate-seguros\/wp-json\/wp\/v2\/pages\/72","targetHints":{"allow":["GET"]}}],"collection":[{"href":"https:\/\/www.firstimageusa.com\/demos\/2023\/enterate-seguros\/wp-json\/wp\/v2\/pages"}],"about":[{"href":"https:\/\/www.firstimageusa.com\/demos\/2023\/enterate-seguros\/wp-json\/wp\/v2\/types\/page"}],"author":[{"embeddable":true,"href":"https:\/\/www.firstimageusa.com\/demos\/2023\/enterate-seguros\/wp-json\/wp\/v2\/users\/1"}],"replies":[{"embeddable":true,"href":"https:\/\/www.firstimageusa.com\/demos\/2023\/enterate-seguros\/wp-json\/wp\/v2\/comments?post=72"}],"version-history":[{"count":6,"href":"https:\/\/www.firstimageusa.com\/demos\/2023\/enterate-seguros\/wp-json\/wp\/v2\/pages\/72\/revisions"}],"predecessor-version":[{"id":124,"href":"https:\/\/www.firstimageusa.com\/demos\/2023\/enterate-seguros\/wp-json\/wp\/v2\/pages\/72\/revisions\/124"}],"wp:featuredmedia":[{"embeddable":true,"href":"https:\/\/www.firstimageusa.com\/demos\/2023\/enterate-seguros\/wp-json\/wp\/v2\/media\/24"}],"wp:attachment":[{"href":"https:\/\/www.firstimageusa.com\/demos\/2023\/enterate-seguros\/wp-json\/wp\/v2\/media?parent=72"}],"curies":[{"name":"wp","href":"https:\/\/api.w.org\/{rel}","templated":true}]}}