{"id":91,"date":"2023-03-25T14:07:05","date_gmt":"2023-03-25T14:07:05","guid":{"rendered":"https:\/\/www.firstimageusa.com\/demos\/2023\/enterate-seguros\/?page_id=91"},"modified":"2023-04-26T19:45:02","modified_gmt":"2023-04-26T19:45:02","slug":"politica-de-privacidad","status":"publish","type":"page","link":"https:\/\/www.firstimageusa.com\/demos\/2023\/enterate-seguros\/politica-de-privacidad\/","title":{"rendered":"\u00a0Pol\u00edtica de Privacidad"},"content":{"rendered":"\n<p class=\"has-text-align-left\">Este aviso describe nuestra pol\u00edtica de privacidad. Al visitar nuestro sitio web, usted est\u00e1 aceptando las pr\u00e1cticas descritas en este Aviso.<\/p>\n\n\n\n<p class=\"has-text-align-left\">ART\u00cdCULO I &#8211; PRINCIPIOS:<br>Secci\u00f3n 1.01 \u2014 Principios: Podemos recopilar y utilizar informaci\u00f3n de la siguiente manera:<\/p>\n\n\n\n<p class=\"has-text-align-left\" style=\"font-style:normal;font-weight:900\">(1) Nota: Podemos recopilar y utilizar informaci\u00f3n de la siguiente manera:<\/p>\n\n\n\n<p class=\"has-text-align-left\"><strong>(a) Informaci\u00f3n voluntaria: <\/strong>Recibiremos y almacenaremos cualquier informaci\u00f3n que ingrese en el sitio web o que nos brinde de cualquier otra forma que lo identifique personalmente para mejorar su experiencia en el sitio web, y para obtener una mejor comprensi\u00f3n general del tipo de personas visitando el sitio web. Tambi\u00e9n para permitirnos contactarlo cuando sea necesario. Por lo general, proporcionar\u00e1 informaci\u00f3n en el sitio web para la compra de productos o servicios o cuando env\u00ede comentarios o preguntas para que los revisemos.<\/p>\n\n\n\n<p class=\"has-text-align-left\"><strong>(b) Informaci\u00f3n autom\u00e1tica:<\/strong> Para permitirnos proporcionar el contenido que los usuarios necesitan y desean, recopilamos estad\u00edsticas agregadas de visitas al sitio mediante cookies. Una Cookie es simplemente un peque\u00f1o archivo de datos que colocamos en el disco duro de su computadora cuando visita el sitio web por primera vez. Este archivo contiene un n\u00famero \u00fanico que nos ayuda a identificarlo cuando regrese al sitio web. Las cookies son empleadas por miles de sitios web para mejorar la experiencia de visualizaci\u00f3n web de los usuarios. Las cookies no pueden da\u00f1ar los archivos de los usuarios ni leer informaci\u00f3n de los discos duros de los usuarios.<\/p>\n\n\n\n<p class=\"has-text-align-left\">Combinamos toda la informaci\u00f3n de uso proporcionada por dichas cookies y no controlamos su uso del sitio web. Permitirnos crear una Cookie en su disco duro no nos dar\u00e1 a nosotros ni a ning\u00fan otro sitio acceso al resto del disco duro de su computadora, y solo nosotros podremos leer la Cookie que crea el sitio web.<\/p>\n\n\n\n<p class=\"has-text-align-left\"><strong>(c) Uso de la informaci\u00f3n:<\/strong> Usamos la informaci\u00f3n para la identificaci\u00f3n personal; para obtener una mejor comprensi\u00f3n general del tipo de personas que visitan el sitio web; para responder a sus solicitudes de compra, comentarios o preguntas; para mejorar su experiencia de usuario; para recopilar estad\u00edsticas agregadas de visitas al sitio; y para alertarlo sobre mejoras de productos, ofertas especiales, informaci\u00f3n actualizada y otros servicios nuevos de nuestra parte. Tambi\u00e9n usamos la informaci\u00f3n para avisarle de los descuentos de renovaci\u00f3n de la suscripci\u00f3n, para renovar autom\u00e1ticamente su suscripci\u00f3n y avisarle de las pr\u00f3ximas ofertas de servicios y eventos.<\/p>\n\n\n\n<p class=\"has-text-align-left\">Podemos divulgar informaci\u00f3n a terceros, incluida la venta o divulgaci\u00f3n de listas de clientes a usuarios comerciales o ben\u00e9ficos de la misma. La divulgaci\u00f3n para tales fines se limita a su nombre, empresa, cargo, direcci\u00f3n, n\u00fameros de tel\u00e9fono y de fax, y sitio web y direcciones de correo electr\u00f3nico. Si no desea que se divulgue dicha informaci\u00f3n, comun\u00edquese con nosotros. Para permitirnos procesar su solicitud, incluya su nombre y direcci\u00f3n. Una vez notificado correctamente, eliminaremos su nombre de las listas y divulgaciones tan pronto como podamos en el curso de las pr\u00e1cticas comerciales normales.<\/p>\n\n\n\n<p class=\"has-text-align-left\">Cuando solicita productos o servicios de nosotros, le solicitamos su n\u00famero de tarjeta de cr\u00e9dito y direcci\u00f3n de facturaci\u00f3n. Usamos esta informaci\u00f3n solo para facturarle los productos o servicios que solicita en ese momento y para ning\u00fan otro prop\u00f3sito. Las suscripciones anuales se pagan en la fecha de compra de la suscripci\u00f3n y se renuevan autom\u00e1ticamente cada a\u00f1o a menos que se cancelen por escrito treinta d\u00edas antes de cada fecha de corte.<\/p>\n\n\n\n<p class=\"has-text-align-left\">Cualquier pregunta o comentario del usuario que nos env\u00ede puede estar disponible en las secciones p\u00fablicas del sitio web, incluida una secci\u00f3n titulada \u00abPreguntas Frecuentes\u00bb, inmediatamente despu\u00e9s de que se nos env\u00eden dichas preguntas o comentarios. Si publicamos las preguntas de los usuarios, dichas preguntas no contendr\u00e1n datos que identifiquen al usuario o las partes espec\u00edficas involucradas. Tambi\u00e9n nos reservamos el derecho de utilizar los comentarios de los usuarios que nos env\u00eden con fines promocionales y, al enviarnos dichos comentarios, usted acepta que podemos hacerlo.<\/p>\n\n\n\n<p class=\"has-text-align-left\">Podemos divulgar cualquier informaci\u00f3n del usuario si es necesario para cumplir con la ley; para hacer cumplir o aplicar los T\u00e9rminos y Condiciones del Sitio Web; o bajo la creencia de buena fe de que la divulgaci\u00f3n es necesaria o aconsejable, lo que incluye, entre otros, proteger los derechos, las propiedades o la seguridad de nosotros o nuestros usuarios.<\/p>\n\n\n\n<p class=\"has-text-align-left\"><strong>(2) Elecci\u00f3n:<\/strong> Le damos a elegir el tipo y la cantidad de informaci\u00f3n privada que tenemos, de la siguiente manera:<\/p>\n\n\n\n<p class=\"has-text-align-left\"><strong>(a) Informaci\u00f3n voluntaria:<\/strong> Siempre puede optar por no proporcionarnos cierta informaci\u00f3n. Si elige no proporcionar informaci\u00f3n personal, a\u00fan puede usar muchas partes del sitio web. Sin embargo, no podr\u00e1 comprar productos y servicios y no podr\u00e1 aprovechar muchas de nuestras funciones. Si nos ha proporcionado previamente cierta informaci\u00f3n y desea eliminar dicha informaci\u00f3n de nuestras bases de datos, o si no desea que su informaci\u00f3n se divulgue a terceros, puede <a href=\"https:\/\/www.firstimageusa.com\/demos\/2023\/enterate-seguros\/contactenos\/\" title=\"\">comunicarse con nosotros<\/a> \u00a0para eliminar dicha informaci\u00f3n.<\/p>\n\n\n\n<p class=\"has-text-align-left\"><strong>(b) Informaci\u00f3n autom\u00e1tica: <\/strong>La mayor\u00eda de los navegadores web aceptan autom\u00e1ticamente las cookies, pero si lo prefiere, puede editar las opciones de su navegador para bloquear las cookies en el futuro. La parte de \u00abAyuda\u00bb de la barra de herramientas en la mayor\u00eda de los navegadores explicar\u00e1 c\u00f3mo puede evitar que su navegador acepte nuevas Cookies, c\u00f3mo configurar el navegador para que le informe cuando reciba una nueva Cookie o c\u00f3mo rechazar las Cookies por completo.<\/p>\n\n\n\n<p class=\"has-text-align-left\"><strong>(3) Acceso: <\/strong>Le brindamos la posibilidad de garantizar que su informaci\u00f3n personal sea correcta y est\u00e9 actualizada. Puede revisar y actualizar su informaci\u00f3n personal poni\u00e9ndose en<a href=\"https:\/\/www.firstimageusa.com\/demos\/2023\/enterate-seguros\/contactenos\/\" title=\"\"> contacto con nosotros\u00a0<\/a>. Por motivos de seguridad, requerimos la verificaci\u00f3n del usuario a trav\u00e9s del nombre de usuario y la contrase\u00f1a del usuario para recibir informaci\u00f3n personal.<\/p>\n\n\n\n<p class=\"has-text-align-left\"><strong>(4) Seguridad: <\/strong>Protegemos la seguridad de su informaci\u00f3n personal. Tomamos medidas para proteger sus datos contra p\u00e9rdida, mal uso, alteraci\u00f3n, destrucci\u00f3n o acceso no autorizado. Utilizamos tecnolog\u00edas de seguridad sofisticadas para proteger la informaci\u00f3n de pedidos, el nombre de usuario y la contrase\u00f1a de los usuarios. Ciframos la informaci\u00f3n de pedido de los usuarios, el nombre de usuario y la contrase\u00f1a (incluido el n\u00famero de cuenta de la tarjeta de cr\u00e9dito de los usuarios) mediante la tecnolog\u00eda Secure Socket Layer (\u00abSSL\u00bb). SSL es un sistema de codificaci\u00f3n comprobado que permite que su navegador cifre o codifique autom\u00e1ticamente los datos antes de que nos los env\u00ede. Para admitir esta tecnolog\u00eda, los usuarios deben tener un navegador compatible con SSL. SSL es una de las tecnolog\u00edas de encriptaci\u00f3n m\u00e1s seguras disponibles. Si bien utilizamos una tecnolog\u00eda de seguridad tan sofisticada para proteger la informaci\u00f3n de pedidos, el nombre de usuario y la contrase\u00f1a de los usuarios, no podemos garantizar que cualquier comercio electr\u00f3nico sea totalmente seguro.<\/p>\n\n\n\n<p class=\"has-text-align-left\"><strong>Secci\u00f3n 2.01 \u2014 Protecci\u00f3n del usuario: <\/strong>Usted es responsable de mantener en secreto su nombre de usuario, contrase\u00f1a y cualquier informaci\u00f3n de la cuenta. Es importante que sea responsable y proteja su nombre de usuario, contrase\u00f1a y computadora contra usuarios no autorizados. Es importante cerrar la sesi\u00f3n cuando haya terminado de usar una computadora accesible para otros.<\/p>\n\n\n\n<p class=\"has-text-align-left\"><strong>Secci\u00f3n 3.01 \u2014 Ni\u00f1os: <\/strong>No vendemos productos para ni\u00f1os. Los usuarios del sitio web deben tener al menos dieciocho a\u00f1os de edad. Si un ni\u00f1o nos ha proporcionado informaci\u00f3n personal, el padre o tutor de ese ni\u00f1o debe <a href=\"https:\/\/www.firstimageusa.com\/demos\/2023\/enterate-seguros\/contactenos\/\" target=\"_blank\" rel=\"noopener\" title=\"\">comunicarse con nosotros<\/a> para eliminar dicha informaci\u00f3n de nuestros registros.<\/p>\n\n\n\n<p class=\"has-text-align-left\"><strong>Secci\u00f3n 4.01 \u2014 Sitios web de terceros:<\/strong> tenga en cuenta que el sitio web puede tener enlaces a sitios web de terceros que pueden recopilar informaci\u00f3n de identificaci\u00f3n personal sobre usted. Cuando hace clic en uno de esos enlaces de terceros, ingresa a otro sitio web del cual no tenemos responsabilidad. Este aviso no cubre las pr\u00e1cticas o pol\u00edticas de informaci\u00f3n de dichos sitios web de terceros. Lo alentamos a que lea las declaraciones de privacidad de todos estos sitios web, ya que sus pol\u00edticas de privacidad pueden ser sustancialmente diferentes de nuestro aviso.<\/p>\n\n\n\n<p class=\"has-text-align-left\"><strong>Secci\u00f3n 5.01 \u2014 Acuerdo y modificaci\u00f3n: <\/strong>Al usar y acceder al sitio web, usted indica que ha le\u00eddo y entendido este aviso y acepta que recopilemos y usemos informaci\u00f3n de la manera explicada en este aviso. Este aviso y los T\u00e9rminos y Condiciones del sitio web, incluidas, entre otras, las disposiciones que cubren las limitaciones de da\u00f1os, el arbitraje de disputas y la aplicaci\u00f3n de la ley de Texas rigen cualquier disputa sobre la privacidad. Al usar y acceder al sitio web, usted acepta indemnizarnos por cualquier reclamo de terceros que resulte de su incumplimiento de este aviso o de los T\u00e9rminos y Condiciones del sitio web. Si tiene alguna pregunta o inquietud sobre su privacidad en el sitio web, <a href=\"https:\/\/www.firstimageusa.com\/demos\/2023\/enterate-seguros\/contactenos\/\" target=\"_blank\" rel=\"noopener\" title=\"\">comun\u00edquese con nosotros<\/a>. Si no acepta este aviso, no acceda ni utilice el sitio web. Podemos revisar este aviso en cualquier momento sin anticipaci\u00f3n actualizando este contenido. Cualquier modificaci\u00f3n en la forma en que usamos la informaci\u00f3n personal se proporcionar\u00e1 en futuras actualizaciones de este aviso para que siempre sepa qu\u00e9 informaci\u00f3n recopilamos, c\u00f3mo la usamos y en qu\u00e9 circunstancias divulgamos dicha informaci\u00f3n. Las modificaciones entrar\u00e1n en vigor inmediatamente y estar\u00e1n disponibles en el sitio web. Debe visitar esta p\u00e1gina web peri\u00f3dicamente para revisar su informaci\u00f3n. El usuario acepta dichas modificaciones a este aviso mediante el uso continuado del sitio web despu\u00e9s de que se realicen dichas modificaciones.<\/p>\n\n\n\n<p class=\"has-text-align-left\"><strong>Secci\u00f3n 6.01 \u2014 Google Analytics: <\/strong>Tenga en cuenta que los informes demogr\u00e1ficos e intereses de Google Analytics pueden estar rastreando los datos de los visitantes en este sitio web. Google Analytics puede utilizar cookies para recopilar estos datos, que se utilizan para obtener una mejor comprensi\u00f3n general del tipo de personas que visitan el sitio web; para recopilar estad\u00edsticas agregadas de visitas al sitio; y para mejorar las iniciativas de marketing y servicio al cliente a trav\u00e9s del sitio web. Esta informaci\u00f3n no se vender\u00e1 a terceros, y los datos recopilados por Google Analytics Demographics and Interest Reporting no son de identificaci\u00f3n personal. Si desea darse de baja de los informes demogr\u00e1ficos e intereses de Google Analytics, haga <a href=\"https:\/\/tools.google.com\/dlpage\/gaoptout\/\" target=\"_blank\" rel=\"noopener\" title=\"\">clic aqu\u00ed.<\/a><\/p>\n\n\n\n<hr class=\"wp-block-separator has-alpha-channel-opacity\"\/>\n\n\n\n<p><a id=\"_msocom_1\"><\/a><\/p>\n\n\n\n<p><\/p>\n","protected":false},"excerpt":{"rendered":"<p>Este aviso describe nuestra pol\u00edtica de privacidad. Al visitar nuestro sitio web, usted est\u00e1 aceptando las pr\u00e1cticas descritas en este Aviso. ART\u00cdCULO I &#8211; PRINCIPIOS:Secci\u00f3n 1.01 \u2014 Principios: Podemos recopilar y utilizar informaci\u00f3n de la siguiente manera: (1) Nota: Podemos recopilar y utilizar informaci\u00f3n de la siguiente manera: (a) Informaci\u00f3n voluntaria: Recibiremos y almacenaremos cualquier &hellip; <a href=\"https:\/\/www.firstimageusa.com\/demos\/2023\/enterate-seguros\/politica-de-privacidad\/\" class=\"more-link\">Seguir leyendo <span class=\"screen-reader-text\">\u00a0Pol\u00edtica de Privacidad<\/span> <span class=\"meta-nav\">&rarr;<\/span><\/a><\/p>\n","protected":false},"author":1,"featured_media":24,"parent":0,"menu_order":0,"comment_status":"closed","ping_status":"closed","template":"page-templates\/privacity.php","meta":{"footnotes":""},"class_list":["post-91","page","type-page","status-publish","has-post-thumbnail","hentry"],"aioseo_notices":[],"_links":{"self":[{"href":"https:\/\/www.firstimageusa.com\/demos\/2023\/enterate-seguros\/wp-json\/wp\/v2\/pages\/91","targetHints":{"allow":["GET"]}}],"collection":[{"href":"https:\/\/www.firstimageusa.com\/demos\/2023\/enterate-seguros\/wp-json\/wp\/v2\/pages"}],"about":[{"href":"https:\/\/www.firstimageusa.com\/demos\/2023\/enterate-seguros\/wp-json\/wp\/v2\/types\/page"}],"author":[{"embeddable":true,"href":"https:\/\/www.firstimageusa.com\/demos\/2023\/enterate-seguros\/wp-json\/wp\/v2\/users\/1"}],"replies":[{"embeddable":true,"href":"https:\/\/www.firstimageusa.com\/demos\/2023\/enterate-seguros\/wp-json\/wp\/v2\/comments?post=91"}],"version-history":[{"count":12,"href":"https:\/\/www.firstimageusa.com\/demos\/2023\/enterate-seguros\/wp-json\/wp\/v2\/pages\/91\/revisions"}],"predecessor-version":[{"id":148,"href":"https:\/\/www.firstimageusa.com\/demos\/2023\/enterate-seguros\/wp-json\/wp\/v2\/pages\/91\/revisions\/148"}],"wp:featuredmedia":[{"embeddable":true,"href":"https:\/\/www.firstimageusa.com\/demos\/2023\/enterate-seguros\/wp-json\/wp\/v2\/media\/24"}],"wp:attachment":[{"href":"https:\/\/www.firstimageusa.com\/demos\/2023\/enterate-seguros\/wp-json\/wp\/v2\/media?parent=91"}],"curies":[{"name":"wp","href":"https:\/\/api.w.org\/{rel}","templated":true}]}}